{"id":11,"date":"2024-04-21T12:51:08","date_gmt":"2024-04-21T12:51:08","guid":{"rendered":"https:\/\/krug.foundation\/?page_id=11"},"modified":"2024-04-23T12:45:14","modified_gmt":"2024-04-23T12:45:14","slug":"home","status":"publish","type":"page","link":"https:\/\/krug.foundation\/","title":{"rendered":"Start"},"content":{"rendered":"\t\t<div data-elementor-type=\"wp-page\" data-elementor-id=\"11\" class=\"elementor elementor-11\" data-elementor-post-type=\"page\">\n\t\t\t\t<div class=\"elementor-element elementor-element-d5e3daf e-flex e-con-boxed e-con e-parent\" data-id=\"d5e3daf\" data-element_type=\"container\">\n\t\t\t\t\t<div class=\"e-con-inner\">\n\t\t\t\t<div class=\"elementor-element elementor-element-e23766b elementor-widget elementor-widget-spacer\" data-id=\"e23766b\" data-element_type=\"widget\" data-widget_type=\"spacer.default\">\n\t\t\t\t<div class=\"elementor-widget-container\">\n\t\t\t<style>\/*! elementor - v3.21.0 - 18-04-2024 *\/\n.elementor-column .elementor-spacer-inner{height:var(--spacer-size)}.e-con{--container-widget-width:100%}.e-con-inner>.elementor-widget-spacer,.e-con>.elementor-widget-spacer{width:var(--container-widget-width,var(--spacer-size));--align-self:var(--container-widget-align-self,initial);--flex-shrink:0}.e-con-inner>.elementor-widget-spacer>.elementor-widget-container,.e-con>.elementor-widget-spacer>.elementor-widget-container{height:100%;width:100%}.e-con-inner>.elementor-widget-spacer>.elementor-widget-container>.elementor-spacer,.e-con>.elementor-widget-spacer>.elementor-widget-container>.elementor-spacer{height:100%}.e-con-inner>.elementor-widget-spacer>.elementor-widget-container>.elementor-spacer>.elementor-spacer-inner,.e-con>.elementor-widget-spacer>.elementor-widget-container>.elementor-spacer>.elementor-spacer-inner{height:var(--container-widget-height,var(--spacer-size))}.e-con-inner>.elementor-widget-spacer.elementor-widget-empty,.e-con>.elementor-widget-spacer.elementor-widget-empty{position:relative;min-height:22px;min-width:22px}.e-con-inner>.elementor-widget-spacer.elementor-widget-empty .elementor-widget-empty-icon,.e-con>.elementor-widget-spacer.elementor-widget-empty .elementor-widget-empty-icon{position:absolute;top:0;bottom:0;left:0;right:0;margin:auto;padding:0;width:22px;height:22px}<\/style>\t\t<div class=\"elementor-spacer\">\n\t\t\t<div class=\"elementor-spacer-inner\"><\/div>\n\t\t<\/div>\n\t\t\t\t<\/div>\n\t\t\t\t<\/div>\n\t\t\t\t\t<\/div>\n\t\t\t\t<\/div>\n\t\t<div class=\"elementor-element elementor-element-ca362dc e-grid e-con-boxed e-con e-parent\" data-id=\"ca362dc\" data-element_type=\"container\">\n\t\t\t\t\t<div class=\"e-con-inner\">\n\t\t\t\t<div class=\"elementor-element elementor-element-eef12df elementor-widget elementor-widget-image\" data-id=\"eef12df\" data-element_type=\"widget\" data-widget_type=\"image.default\">\n\t\t\t\t<div class=\"elementor-widget-container\">\n\t\t\t<style>\/*! elementor - v3.21.0 - 18-04-2024 *\/\n.elementor-widget-image{text-align:center}.elementor-widget-image a{display:inline-block}.elementor-widget-image a img[src$=\".svg\"]{width:48px}.elementor-widget-image img{vertical-align:middle;display:inline-block}<\/style>\t\t\t\t\t\t\t\t\t\t<img decoding=\"async\" src=\"https:\/\/krug.foundation\/wp-content\/plugins\/elementor\/assets\/images\/placeholder.png\" title=\"\" alt=\"\" loading=\"lazy\" \/>\t\t\t\t\t\t\t\t\t\t\t\t\t<\/div>\n\t\t\t\t<\/div>\n\t\t\t\t<div class=\"elementor-element elementor-element-8dcabb5 elementor-widget__width-inherit elementor-widget elementor-widget-text-editor\" data-id=\"8dcabb5\" data-element_type=\"widget\" data-widget_type=\"text-editor.default\">\n\t\t\t\t<div class=\"elementor-widget-container\">\n\t\t\t<style>\/*! elementor - v3.21.0 - 18-04-2024 *\/\n.elementor-widget-text-editor.elementor-drop-cap-view-stacked .elementor-drop-cap{background-color:#69727d;color:#fff}.elementor-widget-text-editor.elementor-drop-cap-view-framed .elementor-drop-cap{color:#69727d;border:3px solid;background-color:transparent}.elementor-widget-text-editor:not(.elementor-drop-cap-view-default) .elementor-drop-cap{margin-top:8px}.elementor-widget-text-editor:not(.elementor-drop-cap-view-default) .elementor-drop-cap-letter{width:1em;height:1em}.elementor-widget-text-editor .elementor-drop-cap{float:left;text-align:center;line-height:1;font-size:50px}.elementor-widget-text-editor .elementor-drop-cap-letter{display:inline-block}<\/style>\t\t\t\t<p><span style=\"color: #202122; font-family: sans-serif; font-size: 14px;\">Cz\u0142owiek stworzy\u0142 kultur\u0119. Kultura, ten niebiologiczny wytw\u00f3r powsta\u0142y na bazie biologii, modyfikowa\u0142a, modyfikuje i b\u0119dzie modyfikowa\u0107 biologi\u0119 cz\u0142owieka. &#8211;&nbsp;<\/span><a href=\"https:\/\/pl.wikiquote.org\/w\/index.php?title=Krzysztof_Kaczanowski&amp;action=edit&amp;redlink=1\" class=\"new\" title=\"Krzysztof Kaczanowski (strona nie istnieje)\" style=\"font-weight: var( --e-global-typography-text-font-weight ); text-align: var(--text-align); text-decoration-line: none; color: rgb(215, 51, 51); background: none rgb(255, 255, 255); overflow-wrap: break-word; font-family: sans-serif; font-size: 14px;\">Krzysztof Kaczanowski<\/a><span style=\"font-weight: var( --e-global-typography-text-font-weight ); text-align: var(--text-align); background-color: var(--ast-global-color-1); color: rgb(32, 33, 34); font-family: sans-serif; font-size: 14px;\">,&nbsp;<\/span><i style=\"font-weight: var( --e-global-typography-text-font-weight ); text-align: var(--text-align); background-color: var(--ast-global-color-1); color: rgb(32, 33, 34); font-family: sans-serif; font-size: 14px;\">Kim jest cz\u0142owiek? Rozwa\u017cania antropologa-biologa. Wyk\u0142ad inauguracyjny<\/i><span style=\"font-weight: var( --e-global-typography-text-font-weight ); text-align: var(--text-align); background-color: var(--ast-global-color-1); color: rgb(32, 33, 34); font-family: sans-serif; font-size: 14px;\">, \u201eAlma Mater\u201d nr 98, grudzie\u0144 2007, s. 17.<\/span><\/p>\t\t\t\t\t\t<\/div>\n\t\t\t\t<\/div>\n\t\t\t\t\t<\/div>\n\t\t\t\t<\/div>\n\t\t<div class=\"elementor-element elementor-element-b78a95b e-flex e-con-boxed e-con e-parent\" data-id=\"b78a95b\" data-element_type=\"container\">\n\t\t\t\t\t<div class=\"e-con-inner\">\n\t\t<div class=\"elementor-element elementor-element-ca7339b e-con-full e-flex e-con e-child\" data-id=\"ca7339b\" data-element_type=\"container\">\n\t\t\t\t<\/div>\n\t\t<div class=\"elementor-element elementor-element-906c53d e-con-full e-flex e-con e-child\" data-id=\"906c53d\" data-element_type=\"container\">\n\t\t\t\t<div class=\"elementor-element elementor-element-befc407 elementor-widget elementor-widget-text-editor\" data-id=\"befc407\" data-element_type=\"widget\" data-widget_type=\"text-editor.default\">\n\t\t\t\t<div class=\"elementor-widget-container\">\n\t\t\t\t\t\t\t<p><span style=\"color: rgb(32, 33, 34); font-family: sans-serif; font-size: 14px;\">Cz\u0142owiek stworzy\u0142 kultur\u0119. Kultura, ten niebiologiczny wytw\u00f3r powsta\u0142y na bazie biologii, modyfikowa\u0142a, modyfikuje i b\u0119dzie modyfikowa\u0107 biologi\u0119 cz\u0142owieka. &#8211;&nbsp;<\/span><a href=\"https:\/\/pl.wikiquote.org\/w\/index.php?title=Krzysztof_Kaczanowski&amp;action=edit&amp;redlink=1\" class=\"new\" title=\"Krzysztof Kaczanowski (strona nie istnieje)\" style=\"background: none rgb(255, 255, 255); text-decoration-line: none; color: rgb(215, 51, 51); font-weight: var( --e-global-typography-text-font-weight ); text-align: var(--text-align); overflow-wrap: break-word; font-family: sans-serif; font-size: 14px;\">Krzysztof Kaczanowski<\/a><span style=\"font-weight: var( --e-global-typography-text-font-weight ); text-align: var(--text-align); background-color: var(--ast-global-color-1); color: rgb(32, 33, 34); font-family: sans-serif; font-size: 14px;\">,&nbsp;<\/span><i style=\"font-weight: var( --e-global-typography-text-font-weight ); text-align: var(--text-align); background-color: var(--ast-global-color-1); color: rgb(32, 33, 34); font-family: sans-serif; font-size: 14px;\">Kim jest cz\u0142owiek? Rozwa\u017cania antropologa-biologa. Wyk\u0142ad inauguracyjny<\/i><span style=\"font-weight: var( --e-global-typography-text-font-weight ); text-align: var(--text-align); background-color: var(--ast-global-color-1); color: rgb(32, 33, 34); font-family: sans-serif; font-size: 14px;\">, \u201eAlma Mater\u201d nr 98, grudzie\u0144 2007, s. 17.<\/span><br><\/p>\t\t\t\t\t\t<\/div>\n\t\t\t\t<\/div>\n\t\t\t\t<\/div>\n\t\t\t\t<div class=\"elementor-element elementor-element-1a28ca8 elementor-widget elementor-widget-image\" data-id=\"1a28ca8\" data-element_type=\"widget\" data-widget_type=\"image.default\">\n\t\t\t\t<div class=\"elementor-widget-container\">\n\t\t\t\t\t\t\t\t\t\t\t\t\t<img fetchpriority=\"high\" decoding=\"async\" width=\"1500\" height=\"1079\" src=\"https:\/\/krug.foundation\/wp-content\/uploads\/2024\/04\/Slovane_v_pravlasti_81x61m.jpg\" class=\"attachment-2048x2048 size-2048x2048 wp-image-94\" alt=\"Alfons Mucha. S\u0142owianie na ziemi ojc\u00f3w, Mi\u0119dzy tura\u0144skim biczem a gockim mieczem. 1912. Domena publiczna\" srcset=\"https:\/\/krug.foundation\/wp-content\/uploads\/2024\/04\/Slovane_v_pravlasti_81x61m.jpg 1500w, https:\/\/krug.foundation\/wp-content\/uploads\/2024\/04\/Slovane_v_pravlasti_81x61m-300x216.jpg 300w, https:\/\/krug.foundation\/wp-content\/uploads\/2024\/04\/Slovane_v_pravlasti_81x61m-1024x737.jpg 1024w, https:\/\/krug.foundation\/wp-content\/uploads\/2024\/04\/Slovane_v_pravlasti_81x61m-768x552.jpg 768w, https:\/\/krug.foundation\/wp-content\/uploads\/2024\/04\/Slovane_v_pravlasti_81x61m-18x12.jpg 18w\" sizes=\"(max-width: 1500px) 100vw, 1500px\" \/>\t\t\t\t\t\t\t\t\t\t\t\t\t<\/div>\n\t\t\t\t<\/div>\n\t\t\t\t\t<\/div>\n\t\t\t\t<\/div>\n\t\t\t\t<\/div>\n\t\t","protected":false},"excerpt":{"rendered":"<p>Cz\u0142owiek stworzy\u0142 kultur\u0119. Kultura, ten niebiologiczny wytw\u00f3r powsta\u0142y na bazie biologii, modyfikowa\u0142a, modyfikuje i b\u0119dzie modyfikowa\u0107 biologi\u0119 cz\u0142owieka. &#8211;&nbsp;Krzysztof Kaczanowski,&nbsp;Kim [&hellip;]<\/p>\n","protected":false},"author":1,"featured_media":0,"parent":0,"menu_order":0,"comment_status":"closed","ping_status":"closed","template":"","meta":{"site-sidebar-layout":"no-sidebar","site-content-layout":"plain-container","ast-site-content-layout":"full-width-container","site-content-style":"default","site-sidebar-style":"default","ast-global-header-display":"","ast-banner-title-visibility":"","ast-main-header-display":"","ast-hfb-above-header-display":"","ast-hfb-below-header-display":"","ast-hfb-mobile-header-display":"","site-post-title":"disabled","ast-breadcrumbs-content":"","ast-featured-img":"disabled","footer-sml-layout":"","theme-transparent-header-meta":"enabled","adv-header-id-meta":"","stick-header-meta":"","header-above-stick-meta":"","header-main-stick-meta":"","header-below-stick-meta":"","astra-migrate-meta-layouts":"default","ast-page-background-enabled":"default","ast-page-background-meta":{"desktop":{"background-color":"var(--ast-global-color-4)","background-image":"","background-repeat":"repeat","background-position":"center center","background-size":"auto","background-attachment":"scroll","background-type":"","background-media":"","overlay-type":"","overlay-color":"","overlay-gradient":""},"tablet":{"background-color":"","background-image":"","background-repeat":"repeat","background-position":"center center","background-size":"auto","background-attachment":"scroll","background-type":"","background-media":"","overlay-type":"","overlay-color":"","overlay-gradient":""},"mobile":{"background-color":"","background-image":"","background-repeat":"repeat","background-position":"center center","background-size":"auto","background-attachment":"scroll","background-type":"","background-media":"","overlay-type":"","overlay-color":"","overlay-gradient":""}},"ast-content-background-meta":{"desktop":{"background-color":"var(--ast-global-color-5)","background-image":"","background-repeat":"repeat","background-position":"center center","background-size":"auto","background-attachment":"scroll","background-type":"","background-media":"","overlay-type":"","overlay-color":"","overlay-gradient":""},"tablet":{"background-color":"var(--ast-global-color-5)","background-image":"","background-repeat":"repeat","background-position":"center center","background-size":"auto","background-attachment":"scroll","background-type":"","background-media":"","overlay-type":"","overlay-color":"","overlay-gradient":""},"mobile":{"background-color":"var(--ast-global-color-5)","background-image":"","background-repeat":"repeat","background-position":"center center","background-size":"auto","background-attachment":"scroll","background-type":"","background-media":"","overlay-type":"","overlay-color":"","overlay-gradient":""}},"footnotes":""},"class_list":["post-11","page","type-page","status-publish","hentry"],"_links":{"self":[{"href":"https:\/\/krug.foundation\/index.php?rest_route=\/wp\/v2\/pages\/11","targetHints":{"allow":["GET"]}}],"collection":[{"href":"https:\/\/krug.foundation\/index.php?rest_route=\/wp\/v2\/pages"}],"about":[{"href":"https:\/\/krug.foundation\/index.php?rest_route=\/wp\/v2\/types\/page"}],"author":[{"embeddable":true,"href":"https:\/\/krug.foundation\/index.php?rest_route=\/wp\/v2\/users\/1"}],"replies":[{"embeddable":true,"href":"https:\/\/krug.foundation\/index.php?rest_route=%2Fwp%2Fv2%2Fcomments&post=11"}],"version-history":[{"count":5,"href":"https:\/\/krug.foundation\/index.php?rest_route=\/wp\/v2\/pages\/11\/revisions"}],"predecessor-version":[{"id":98,"href":"https:\/\/krug.foundation\/index.php?rest_route=\/wp\/v2\/pages\/11\/revisions\/98"}],"wp:attachment":[{"href":"https:\/\/krug.foundation\/index.php?rest_route=%2Fwp%2Fv2%2Fmedia&parent=11"}],"curies":[{"name":"wp","href":"https:\/\/api.w.org\/{rel}","templated":true}]}}